{"id":36,"date":"2020-05-04T09:36:02","date_gmt":"2020-05-04T09:36:02","guid":{"rendered":"https:\/\/lulucf.ihcantabria.com\/?page_id=36"},"modified":"2022-01-25T09:53:01","modified_gmt":"2022-01-25T09:53:01","slug":"sobre-el-proyecto","status":"publish","type":"page","link":"https:\/\/lulucf.ihcantabria.com\/es\/sobre-el-proyecto\/","title":{"rendered":"Sobre el Proyecto"},"content":{"rendered":"<p>[et_pb_section fb_built=\u00bb1&#8243; admin_label=\u00bbsection\u00bb _builder_version=\u00bb4.4.5&#8243; background_color=\u00bb#ffffff\u00bb background_image=\u00bbhttps:\/\/lulucf.ihcantabria.com\/wp-content\/uploads\/2020\/05\/spacex-VBNb52J8Trk-unsplash-scaled.jpg\u00bb custom_padding=\u00bb||97px|||\u00bb][et_pb_row admin_label=\u00bbrow\u00bb _builder_version=\u00bb4.4.5&#8243; background_size=\u00bbinitial\u00bb background_position=\u00bbtop_left\u00bb background_repeat=\u00bbrepeat\u00bb custom_padding=\u00bb||30px|||\u00bb][et_pb_column type=\u00bb4_4&#8243; _builder_version=\u00bb3.25&#8243; custom_padding=\u00bb|||\u00bb custom_padding__hover=\u00bb|||\u00bb][et_pb_text admin_label=\u00bbText\u00bb _builder_version=\u00bb3.27.4&#8243; background_size=\u00bbinitial\u00bb background_position=\u00bbtop_left\u00bb background_repeat=\u00bbrepeat\u00bb][\/et_pb_text][et_pb_post_title meta=\u00bboff\u00bb featured_image=\u00bboff\u00bb text_color=\u00bblight\u00bb _builder_version=\u00bb4.4.5&#8243; title_font=\u00bbOverlock SC|700|||||||\u00bb title_font_size=\u00bb45px\u00bb][\/et_pb_post_title][\/et_pb_column][\/et_pb_row][\/et_pb_section][et_pb_section fb_built=\u00bb1&#8243; _builder_version=\u00bb4.4.5&#8243; custom_padding=\u00bb19px|||||\u00bb][et_pb_row _builder_version=\u00bb4.4.5&#8243;][et_pb_column type=\u00bb4_4&#8243; _builder_version=\u00bb4.4.5&#8243;][et_pb_text _builder_version=\u00bb4.4.8&#8243; text_font=\u00bbMuli|300|||||||\u00bb text_text_color=\u00bb#000000&#8243; text_font_size=\u00bb18px\u00bb hover_enabled=\u00bb0&#8243;]<\/p>\n<p>Las actividades humanas impactan en los sumideros terrestres a trav\u00e9s de las actividades de uso de la tierra, cambio de uso de la tierra y silvicultura (LULUCF), por lo que se altera el intercambio de CO2 (ciclo del carbono) entre los sistemas de la biosfera terrestre y la atm\u00f3sfera. Los reglamentos pertinentes de la Comisi\u00f3n, como los Reglamentos de la UE 2018\/841, UE 2018\/1999 y UE 525\/2013, incluyen un mecanismo de vigilancia y notificaci\u00f3n de las emisiones de GEI. Sin embargo, la presentaci\u00f3n de informes no es coherente entre los Estados miembros, ya que se emplean diferentes m\u00e9todos y fuentes de datos. El art\u00edculo 18 del Reglamento UE 2018\/841 y el anexo V del Reglamento UE 2018\/1999 exigen a los Estados miembros de la UE que empleen metodolog\u00edas de vigilancia de la conversi\u00f3n del uso de la tierra de acuerdo con el enfoque 3 del IPCC (geoespacialmente expl\u00edcito) y al menos el nivel 2 (c\u00e1lculos de emisiones pertinentes a nivel nacional) para las principales categor\u00edas de emisiones y absorciones.<\/p>\n<p>El proyecto LULUCF de IHCantabria es un proyecto financiado por la Comisi\u00f3n Europea a trav\u00e9s del Acuerdo Marco de Asociaci\u00f3n de Caroline Herschel sobre la incorporaci\u00f3n de los usuarios de Cop\u00e9rnico (FPCUP), para facilitar la incorporaci\u00f3n de los usuarios del Programa Cop\u00e9rnico en las diferentes pol\u00edticas y actividades de vigilancia. La Acci\u00f3n se incluye en el Programa de Trabajo Complementario 2019 con el nombre de \u00abDesarrollo de apoyo para la vigilancia y la notificaci\u00f3n de las emisiones y absorciones de GEI procedentes del uso de la tierra, el cambio de uso de la tierra y la silvicultura (UTS)\u00bb.<\/p>\n<p>[\/et_pb_text][\/et_pb_column][\/et_pb_row][et_pb_row column_structure=\u00bb1_4,1_4,1_4,1_4&#8243; _builder_version=\u00bb4.4.5&#8243;][et_pb_column type=\u00bb1_4&#8243; _builder_version=\u00bb4.4.5&#8243;][et_pb_blurb title=\u00bbFramework Partnership Agreement on Copernicus User Uptake (FPCUP)\u00bb url=\u00bbhttps:\/\/lulucf.ihcantabria.com\/framework-partnership-agreement-on-copernicus-user-uptake-fpcup\/\u00bb image=\u00bbhttps:\/\/lulucf.ihcantabria.com\/wp-content\/uploads\/2020\/06\/partnership.png\u00bb _builder_version=\u00bb4.4.8&#8243; header_font=\u00bb|600||on|||||\u00bb header_text_color=\u00bb#000000&#8243; header_font_size=\u00bb21px\u00bb body_font=\u00bbMuli||||||||\u00bb body_text_color=\u00bb#3d3d3d\u00bb body_font_size=\u00bb16px\u00bb body_line_height=\u00bb1.2em\u00bb custom_padding=\u00bb5%|5%|5%|5%|true|true\u00bb link_option_url=\u00bbhttps:\/\/lulucf.ihcantabria.com\/framework-partnership-agreement-on-copernicus-user-uptake-fpcup\/\u00bb hover_enabled=\u00bb0&#8243; border_width_all=\u00bb1px\u00bb border_color_all=\u00bbrgba(51,51,51,0.12)\u00bb]En su publicaci\u00f3n de 2016 sobre una estrategia espacial europea, la Comisi\u00f3n afirma que \u00abEl objetivo de la Comisi\u00f3n es optimizar los beneficios que el espacio aporta a la sociedad y a la econom\u00eda de la UE en general\u00bb.<\/p>\n<p style=\"text-align: right;\"><a href=\"https:\/\/lulucf.ihcantabria.com\/fpcup\/\">Saber m\u00e1s<\/a><\/p>\n<p>[\/et_pb_blurb][\/et_pb_column][et_pb_column type=\u00bb1_4&#8243; _builder_version=\u00bb4.4.5&#8243;][et_pb_blurb title=\u00bbTHE FPA-CUP ACTION 2019-2-49 \u00bb url=\u00bbhttps:\/\/lulucf.ihcantabria.com\/the-fpa-cup-action-2019-2-49\/\u00bb image=\u00bbhttps:\/\/lulucf.ihcantabria.com\/wp-content\/uploads\/2020\/05\/noun_european-cycle_2042472-1-e1588663703489.png\u00bb _builder_version=\u00bb4.4.8&#8243; header_font=\u00bb|600|||||||\u00bb header_text_color=\u00bb#000000&#8243; header_font_size=\u00bb21px\u00bb body_font=\u00bbMuli||||||||\u00bb body_text_color=\u00bb#3d3d3d\u00bb body_font_size=\u00bb16px\u00bb body_line_height=\u00bb1.2em\u00bb custom_padding=\u00bb5%|5%|5%|5%|true|true\u00bb link_option_url=\u00bbhttps:\/\/lulucf.ihcantabria.com\/the-fpa-cup-action-2019-2-49\/\u00bb hover_enabled=\u00bb0&#8243; border_width_all=\u00bb1px\u00bb border_color_all=\u00bbrgba(51,51,51,0.12)\u00bb]<\/p>\n<p>Desarrollar el apoyo a la vigilancia y la notificaci\u00f3n de las emisiones y la absorci\u00f3n de GEI derivadas del uso de la tierra, el cambio de uso de la tierra y la silvicultura (UTS) en determinados Estados miembros (EM) sobre la base del Reglamento de la UE sobre (UE) 2018\/841.<\/p>\n<p style=\"text-align: right;\"><a href=\"https:\/\/lulucf.ihcantabria.com\/the-fpa-cup-action-2019-2-49\/\">Saber m\u00e1s<\/a><\/p>\n<p>[\/et_pb_blurb][\/et_pb_column][et_pb_column type=\u00bb1_4&#8243; _builder_version=\u00bb4.4.5&#8243;][et_pb_blurb title=\u00bbOBJETIVOS ESPEC\u00cdFICOS\u00bb url=\u00bbhttps:\/\/lulucf.ihcantabria.com\/specific-objectives\/\u00bb image=\u00bbhttps:\/\/lulucf.ihcantabria.com\/wp-content\/uploads\/2020\/05\/tasks.png\u00bb _builder_version=\u00bb4.4.8&#8243; header_font=\u00bb|600|||||||\u00bb header_text_color=\u00bb#000000&#8243; header_font_size=\u00bb21px\u00bb body_font=\u00bbMuli||||||||\u00bb body_text_color=\u00bb#3d3d3d\u00bb body_font_size=\u00bb16px\u00bb body_line_height=\u00bb1.2em\u00bb custom_padding=\u00bb5%|5%|5%|5%|true|true\u00bb link_option_url=\u00bbhttps:\/\/lulucf.ihcantabria.com\/specific-objectives\/\u00bb hover_enabled=\u00bb0&#8243; border_width_all=\u00bb1px\u00bb border_color_all=\u00bbrgba(51,51,51,0.12)\u00bb]<\/p>\n<p>Para lograr los objetivos de la Acci\u00f3n, se desarrollar\u00e1n las siguientes tareas<\/p>\n<p style=\"text-align: right;\"><a href=\"https:\/\/lulucf.ihcantabria.com\/tasks-2\/\">Saber m\u00e1s<\/a><\/p>\n<p>[\/et_pb_blurb][\/et_pb_column][et_pb_column type=\u00bb1_4&#8243; _builder_version=\u00bb4.4.5&#8243;][et_pb_blurb title=\u00bbPRODUCTOS Y RESULTADOS\u00bb url=\u00bbhttps:\/\/lulucf.ihcantabria.com\/outputs-and-results\/\u00bb image=\u00bbhttps:\/\/lulucf.ihcantabria.com\/wp-content\/uploads\/2020\/05\/output.png\u00bb _builder_version=\u00bb4.4.8&#8243; header_font=\u00bb|600|||||||\u00bb header_text_color=\u00bb#000000&#8243; header_font_size=\u00bb21px\u00bb body_font=\u00bbMuli||||||||\u00bb body_text_color=\u00bb#3d3d3d\u00bb body_font_size=\u00bb16px\u00bb body_line_height=\u00bb1.2em\u00bb custom_padding=\u00bb5%|5%|5%|5%|true|true\u00bb link_option_url=\u00bbhttps:\/\/lulucf.ihcantabria.com\/outputs-and-results\/\u00bb hover_enabled=\u00bb0&#8243; border_width_all=\u00bb1px\u00bb border_color_all=\u00bbrgba(51,51,51,0.12)\u00bb]<\/p>\n<p>A partir de las tareas anteriores, se desarrollar\u00e1n los siguientes productos y resultados<\/p>\n<p style=\"text-align: right;\"><a href=\"https:\/\/lulucf.ihcantabria.com\/outputs-and-results\/\">Saber m\u00e1s<\/a><\/p>\n<p>[\/et_pb_blurb][\/et_pb_column][\/et_pb_row][\/et_pb_section]<\/p>\n","protected":false},"excerpt":{"rendered":"<p>Las actividades humanas impactan en los sumideros terrestres a trav\u00e9s de las actividades de uso de la tierra, cambio de uso de la tierra y silvicultura (LULUCF), por lo que se altera el intercambio de CO2 (ciclo del carbono) entre los sistemas de la biosfera terrestre y la atm\u00f3sfera. Los reglamentos pertinentes de la Comisi\u00f3n, [&hellip;]<\/p>\n","protected":false},"author":1,"featured_media":0,"parent":0,"menu_order":0,"comment_status":"closed","ping_status":"closed","template":"","meta":{"_et_pb_use_builder":"on","_et_pb_old_content":"<!-- wp:divi\/placeholder \/-->","_et_gb_content_width":"","footnotes":""},"class_list":["post-36","page","type-page","status-publish","hentry"],"_links":{"self":[{"href":"https:\/\/lulucf.ihcantabria.com\/es\/wp-json\/wp\/v2\/pages\/36"}],"collection":[{"href":"https:\/\/lulucf.ihcantabria.com\/es\/wp-json\/wp\/v2\/pages"}],"about":[{"href":"https:\/\/lulucf.ihcantabria.com\/es\/wp-json\/wp\/v2\/types\/page"}],"author":[{"embeddable":true,"href":"https:\/\/lulucf.ihcantabria.com\/es\/wp-json\/wp\/v2\/users\/1"}],"replies":[{"embeddable":true,"href":"https:\/\/lulucf.ihcantabria.com\/es\/wp-json\/wp\/v2\/comments?post=36"}],"version-history":[{"count":29,"href":"https:\/\/lulucf.ihcantabria.com\/es\/wp-json\/wp\/v2\/pages\/36\/revisions"}],"predecessor-version":[{"id":379,"href":"https:\/\/lulucf.ihcantabria.com\/es\/wp-json\/wp\/v2\/pages\/36\/revisions\/379"}],"wp:attachment":[{"href":"https:\/\/lulucf.ihcantabria.com\/es\/wp-json\/wp\/v2\/media?parent=36"}],"curies":[{"name":"wp","href":"https:\/\/api.w.org\/{rel}","templated":true}]}}