{"id":34,"date":"2020-05-04T09:34:53","date_gmt":"2020-05-04T09:34:53","guid":{"rendered":"https:\/\/lulucf.ihcantabria.com\/?page_id=34"},"modified":"2020-06-15T10:58:23","modified_gmt":"2020-06-15T10:58:23","slug":"implementation-in-spain","status":"publish","type":"page","link":"https:\/\/lulucf.ihcantabria.com\/es\/implementation-in-spain\/","title":{"rendered":"Desarrollos en Espa\u00f1a"},"content":{"rendered":"<p>[et_pb_section fb_built=\u00bb1&#8243; admin_label=\u00bbsection\u00bb _builder_version=\u00bb4.4.5&#8243; background_color=\u00bbrgba(0,0,0,0.49)\u00bb background_image=\u00bbhttps:\/\/lulucf.ihcantabria.com\/wp-content\/uploads\/2020\/05\/Sentinel-ESA-e1588591290198.jpg\u00bb background_blend=\u00bbmultiply\u00bb custom_padding=\u00bb||97px|||\u00bb][et_pb_row admin_label=\u00bbrow\u00bb _builder_version=\u00bb4.4.5&#8243; background_size=\u00bbinitial\u00bb background_position=\u00bbtop_left\u00bb background_repeat=\u00bbrepeat\u00bb custom_padding=\u00bb||30px|||\u00bb][et_pb_column type=\u00bb4_4&#8243; _builder_version=\u00bb3.25&#8243; custom_padding=\u00bb|||\u00bb custom_padding__hover=\u00bb|||\u00bb][et_pb_text admin_label=\u00bbText\u00bb _builder_version=\u00bb3.27.4&#8243; background_size=\u00bbinitial\u00bb background_position=\u00bbtop_left\u00bb background_repeat=\u00bbrepeat\u00bb][\/et_pb_text][et_pb_post_title meta=\u00bboff\u00bb featured_image=\u00bboff\u00bb text_color=\u00bblight\u00bb _builder_version=\u00bb4.4.5&#8243; title_font=\u00bbOverlock SC|700|||||||\u00bb title_font_size=\u00bb45px\u00bb][\/et_pb_post_title][\/et_pb_column][\/et_pb_row][\/et_pb_section][et_pb_section fb_built=\u00bb1&#8243; _builder_version=\u00bb4.4.5&#8243; custom_padding=\u00bb31px||19px|||\u00bb][et_pb_row _builder_version=\u00bb4.4.5&#8243;][et_pb_column type=\u00bb4_4&#8243; _builder_version=\u00bb4.4.5&#8243;][et_pb_text _builder_version=\u00bb4.4.8&#8243; text_font=\u00bbMuli|300|||||||\u00bb text_text_color=\u00bb#000000&#8243; text_font_size=\u00bb18px\u00bb]<\/p>\n<p>There are three main axes of the project at the MS level that are being implemented in Spain:<\/p>\n<p>[\/et_pb_text][\/et_pb_column][\/et_pb_row][et_pb_row column_structure=\u00bb1_3,1_3,1_3&#8243; _builder_version=\u00bb4.4.5&#8243; custom_padding=\u00bb3px|||||\u00bb][et_pb_column type=\u00bb1_3&#8243; _builder_version=\u00bb4.4.5&#8243;][et_pb_text _builder_version=\u00bb4.4.8&#8243; text_font=\u00bbMuli|300|||||||\u00bb text_text_color=\u00bb#000000&#8243; text_font_size=\u00bb18px\u00bb header_3_font=\u00bb|700||on|||||\u00bb custom_padding=\u00bb|||3%|false|false\u00bb border_width_left=\u00bb4px\u00bb]<\/p>\n<p><strong>Understanding<\/strong> <strong>of the reporting system<\/strong> of the National Emissions Inventory system, i.e. spatial information used, needs and <em>data gaps<\/em>;<\/p>\n<p>[\/et_pb_text][\/et_pb_column][et_pb_column type=\u00bb1_3&#8243; _builder_version=\u00bb4.4.5&#8243;][et_pb_text _builder_version=\u00bb4.4.8&#8243; text_font=\u00bbMuli|300|||||||\u00bb text_text_color=\u00bb#000000&#8243; text_font_size=\u00bb18px\u00bb header_3_font=\u00bb|700||on|||||\u00bb custom_padding=\u00bb|||3%|false|false\u00bb border_width_left=\u00bb4px\u00bb]<\/p>\n<p>Reviewing the EEA ETC\/ULS (European Topic Centre on Urban, Land and Soil Systems) and ETC\/CME (European Topic Centre on Climate Change Mitigation and Energy) analysis on <strong>which Copernicus datasets can be used <\/strong>by MS (i.e. CLMS as the forthcoming CLC+) to support LULUCF emission calculations;<\/p>\n<p>[\/et_pb_text][\/et_pb_column][et_pb_column type=\u00bb1_3&#8243; _builder_version=\u00bb4.4.5&#8243;][et_pb_text _builder_version=\u00bb4.4.8&#8243; text_font=\u00bbMuli|300|||||||\u00bb text_text_color=\u00bb#000000&#8243; text_font_size=\u00bb18px\u00bb header_3_font=\u00bb|700||on|||||\u00bb custom_padding=\u00bb|||3%|false|false\u00bb border_width_left=\u00bb4px\u00bb]<\/p>\n<p><strong>Methodological proposal documented on success histories<\/strong> about <em>data gaps<\/em> of LULUCF reporting by using Copernicus data.<\/p>\n<p>[\/et_pb_text][\/et_pb_column][\/et_pb_row][et_pb_row _builder_version=\u00bb4.4.8&#8243;][et_pb_column type=\u00bb4_4&#8243; _builder_version=\u00bb4.4.8&#8243;][et_pb_text _builder_version=\u00bb4.4.8&#8243; text_font=\u00bbMuli|300|||||||\u00bb text_text_color=\u00bb#000000&#8243; text_font_size=\u00bb18px\u00bb]<\/p>\n<p>This work will be done by the project core team plus and Advisory Board<\/p>\n<p>[\/et_pb_text][\/et_pb_column][\/et_pb_row][et_pb_row column_structure=\u00bb1_2,1_2&#8243; _builder_version=\u00bb4.4.8&#8243;][et_pb_column type=\u00bb1_2&#8243; _builder_version=\u00bb4.4.8&#8243;][et_pb_blurb title=\u00bbProject core team\u00bb use_icon=\u00bbon\u00bb _builder_version=\u00bb4.4.8&#8243; header_font=\u00bbMuli|700|||||||\u00bb header_font_size=\u00bb20px\u00bb body_font=\u00bbMuli|300|||||||\u00bb body_font_size=\u00bb18px\u00bb]<\/p>\n<p>The Project Core Team is composed by people of different Spanish Ministries coordinated by Ministerio para la Transici\u00f3n Ecol\u00f3gica y el Reto Demogr\u00e1fico (MINERD), researchers from IHCantabria and researchers from ETC-ULS-UMA (more news soon).<\/p>\n<p>[\/et_pb_blurb][\/et_pb_column][et_pb_column type=\u00bb1_2&#8243; _builder_version=\u00bb4.4.8&#8243;][et_pb_blurb title=\u00bbAdvisory Board of the project\u00bb use_icon=\u00bbon\u00bb _builder_version=\u00bb4.4.8&#8243; header_font=\u00bbMuli|700|||||||\u00bb header_font_size=\u00bb20px\u00bb body_font=\u00bbMuli|300|||||||\u00bb body_font_size=\u00bb18px\u00bb]<\/p>\n<p>The Advisory Board of LULUCF project is composed by Research Centers and private companies with a long expertise in remote sensing, spatial data and territory management (more news soon).<\/p>\n<p>[\/et_pb_blurb][\/et_pb_column][\/et_pb_row][\/et_pb_section][et_pb_section fb_built=\u00bb1&#8243; _builder_version=\u00bb4.4.5&#8243; background_color=\u00bb#ededed\u00bb custom_padding=\u00bb31px|||||\u00bb][et_pb_row column_structure=\u00bb3_5,2_5&#8243; _builder_version=\u00bb4.4.5&#8243;][et_pb_column type=\u00bb3_5&#8243; _builder_version=\u00bb4.4.5&#8243;][et_pb_text _builder_version=\u00bb4.4.8&#8243; text_font=\u00bbMuli|300|||||||\u00bb text_text_color=\u00bb#000000&#8243; text_font_size=\u00bb18px\u00bb]<\/p>\n<p>This work is being done by a Project Core Team composed by the LULUCF team of different Spanish Ministries coordinated by Ministerio para la Transici\u00f3n Ecol\u00f3gica y el Reto Demogr\u00e1fico (MINERD), researchers from IHCantabria and researchers from ETC-ULS-UMA.<\/p>\n<p>In line with this 3 main objectives, we are currently working on different activities related to Action objectives:<\/p>\n<ol>\n<li>Definition and assessment of data gaps provided by former analysis of the reporting system.<\/li>\n<li>Evaluation of the National Emissions Inventory, i.e. time series of changes validated through remote sensing data;<\/li>\n<li>More specificity in the LULC types of interest (forests, grasslands, croplands, wetlands) by using Spatial Datasets available at the regional, national and EU levels (e.g. CLC +, IFN4 and MFE25 or specific analyses derived from projects or monitoring programs);<\/li>\n<li>Monitoring and update of the LULC database since 2016 using S2 and auxiliary data.<\/li>\n<\/ol>\n<p>This work will be done by the project core team plus and Advisory Board<\/p>\n<p><b><br \/> <\/b><\/p>\n<p>[\/et_pb_text][\/et_pb_column][et_pb_column type=\u00bb2_5&#8243; _builder_version=\u00bb4.4.5&#8243;][et_pb_image src=\u00bbhttps:\/\/lulucf.ihcantabria.com\/wp-content\/uploads\/2020\/05\/spain-e1588755252334.png\u00bb title_text=\u00bbspain\u00bb align=\u00bbcenter\u00bb _builder_version=\u00bb4.4.8&#8243; module_alignment=\u00bbcenter\u00bb][\/et_pb_image][\/et_pb_column][\/et_pb_row][\/et_pb_section]<\/p>\n","protected":false},"excerpt":{"rendered":"<p>There are three main axes of the project at the MS level that are being implemented in Spain:Understanding of the reporting system of the National Emissions Inventory system, i.e. spatial information used, needs and data gaps;Reviewing the EEA ETC\/ULS (European Topic Centre on Urban, Land and Soil Systems) and ETC\/CME (European Topic Centre on Climate [&hellip;]<\/p>\n","protected":false},"author":1,"featured_media":0,"parent":0,"menu_order":0,"comment_status":"closed","ping_status":"closed","template":"","meta":{"_et_pb_use_builder":"on","_et_pb_old_content":"<!-- wp:divi\/placeholder \/-->","_et_gb_content_width":"","footnotes":""},"class_list":["post-34","page","type-page","status-publish","hentry"],"_links":{"self":[{"href":"https:\/\/lulucf.ihcantabria.com\/es\/wp-json\/wp\/v2\/pages\/34"}],"collection":[{"href":"https:\/\/lulucf.ihcantabria.com\/es\/wp-json\/wp\/v2\/pages"}],"about":[{"href":"https:\/\/lulucf.ihcantabria.com\/es\/wp-json\/wp\/v2\/types\/page"}],"author":[{"embeddable":true,"href":"https:\/\/lulucf.ihcantabria.com\/es\/wp-json\/wp\/v2\/users\/1"}],"replies":[{"embeddable":true,"href":"https:\/\/lulucf.ihcantabria.com\/es\/wp-json\/wp\/v2\/comments?post=34"}],"version-history":[{"count":19,"href":"https:\/\/lulucf.ihcantabria.com\/es\/wp-json\/wp\/v2\/pages\/34\/revisions"}],"predecessor-version":[{"id":277,"href":"https:\/\/lulucf.ihcantabria.com\/es\/wp-json\/wp\/v2\/pages\/34\/revisions\/277"}],"wp:attachment":[{"href":"https:\/\/lulucf.ihcantabria.com\/es\/wp-json\/wp\/v2\/media?parent=34"}],"curies":[{"name":"wp","href":"https:\/\/api.w.org\/{rel}","templated":true}]}}