{"id":28,"date":"2020-05-04T09:31:23","date_gmt":"2020-05-04T09:31:23","guid":{"rendered":"https:\/\/lulucf.ihcantabria.com\/?page_id=28"},"modified":"2020-06-15T10:59:48","modified_gmt":"2020-06-15T10:59:48","slug":"lulucf-documentation","status":"publish","type":"page","link":"https:\/\/lulucf.ihcantabria.com\/es\/lulucf-documentation\/","title":{"rendered":"Documentaci\u00f3n de LULUCF"},"content":{"rendered":"<p>[et_pb_section fb_built=\u00bb1&#8243; admin_label=\u00bbsection\u00bb _builder_version=\u00bb4.4.5&#8243; background_color=\u00bbrgba(0,0,0,0.49)\u00bb background_image=\u00bbhttps:\/\/lulucf.ihcantabria.com\/wp-content\/uploads\/2020\/05\/cantabria-calling-ehldJlmPgc4-unsplash-scaled.jpg\u00bb background_blend=\u00bbmultiply\u00bb custom_padding=\u00bb||97px|||\u00bb][et_pb_row admin_label=\u00bbrow\u00bb _builder_version=\u00bb4.4.5&#8243; background_size=\u00bbinitial\u00bb background_position=\u00bbtop_left\u00bb background_repeat=\u00bbrepeat\u00bb custom_padding=\u00bb||30px|||\u00bb][et_pb_column type=\u00bb4_4&#8243; _builder_version=\u00bb3.25&#8243; custom_padding=\u00bb|||\u00bb custom_padding__hover=\u00bb|||\u00bb][et_pb_text admin_label=\u00bbText\u00bb _builder_version=\u00bb3.27.4&#8243; background_size=\u00bbinitial\u00bb background_position=\u00bbtop_left\u00bb background_repeat=\u00bbrepeat\u00bb][\/et_pb_text][et_pb_post_title meta=\u00bboff\u00bb featured_image=\u00bboff\u00bb text_color=\u00bblight\u00bb _builder_version=\u00bb4.4.5&#8243; title_font=\u00bbOverlock SC|700|||||||\u00bb title_font_size=\u00bb45px\u00bb][\/et_pb_post_title][\/et_pb_column][\/et_pb_row][\/et_pb_section][et_pb_section fb_built=\u00bb1&#8243; _builder_version=\u00bb4.4.5&#8243;][et_pb_row _builder_version=\u00bb4.4.8&#8243;][et_pb_column type=\u00bb4_4&#8243; _builder_version=\u00bb4.4.8&#8243;][et_pb_text _builder_version=\u00bb4.4.8&#8243; text_font_size=\u00bb20px\u00bb]<\/p>\n<p>&#8211; <strong>Gu\u00edas IPCC (2006 y suplemento 2013 y Refinement de 2019) en lo relativo a LULUCF<\/strong>. <a href=\"https:\/\/www.ipcc-nggip.iges.or.jp\/public\/2006gl\/index.html\">https:\/\/www.ipcc-nggip.iges.or.jp\/public\/2006gl\/index.html<\/a>)<\/p>\n<p>&#8211; <strong>Decisi\u00f3n UE 529\/2013.<\/strong><\/p>\n<p><a href=\"https:\/\/eur-lex.europa.eu\/legal-content\/ES\/TXT\/PDF\/?uri=CELEX:32013D0529&#038;from=EN\">https:\/\/eur-lex.europa.eu\/legal-content\/ES\/TXT\/PDF\/?uri=CELEX:32013D0529&#038;from=EN<\/a>)<\/p>\n<p>Fija las obligaciones de reporte LULUCF en la UE para el periodo 2013-2020, estableciendo la senda de incorporaci\u00f3n de las actividades elegibles de Protocolo de Kioto (cropland management y grassland management).<\/p>\n<p>&#8211; <strong>Reglamento UE 2018\/841<\/strong>.<\/p>\n<p><a href=\"https:\/\/eur-lex.europa.eu\/legal-content\/ES\/TXT\/?uri=CELEX%3A32018R0841\">https:\/\/eur-lex.europa.eu\/legal-content\/ES\/TXT\/?uri=CELEX%3A32018R0841<\/a><\/p>\n<p>Sustituye a la anterior decisi\u00f3n y fija las normas de contabilidad para el periodo 2021-2030. Reglamento que establece el enfoque 3 de \u00abgeogr\u00e1ficamente expl\u00edcito\u00bb y menciona la aplicaci\u00f3n de los servicios COPERNICUS en su pre\u00e1mbulo.<\/p>\n<p>&#8211; <strong>Fichas metodol\u00f3gicas del Inventario Nacional Espa\u00f1ol relativas a LULUCF<\/strong>.<\/p>\n<p><a href=\"https:\/\/www.miteco.gob.es\/es\/calidad-y-evaluacion-ambiental\/temas\/sistema-espanol-de-inventario-sei-\/SEI-Metodologias.aspx\">https:\/\/www.miteco.gob.es\/es\/calidad-y-evaluacion-ambiental\/temas\/sistema-espanol-de-inventario-sei-\/SEI-Metodologias.aspx<\/a><\/p>\n<p>Resumen de las metodolog\u00edas aplicadas hasta la edici\u00f3n 2019 del inventario. En el caso de LULUCF, siguen siendo v\u00e1lidas para el inventario 2020.<\/p>\n<p>&#8211; <strong>El informe de Inventario<\/strong>.<\/p>\n<p><a href=\"https:\/\/www.miteco.gob.es\/es\/calidad-y-evaluacion-ambiental\/temas\/sistema-espanol-de-inventario-sei-\/Inventario-GEI.aspx\">https:\/\/www.miteco.gob.es\/es\/calidad-y-evaluacion-ambiental\/temas\/sistema-espanol-de-inventario-sei-\/Inventario-GEI.aspx<\/a><\/p>\n<p>El cap\u00edtulo 6 es el correspondiente a LULUCF<\/p>\n<p>[\/et_pb_text][\/et_pb_column][\/et_pb_row][\/et_pb_section]<\/p>\n","protected":false},"excerpt":{"rendered":"<p>&#8211; Gu\u00edas IPCC (2006 y suplemento 2013 y Refinement de 2019) en lo relativo a LULUCF. https:\/\/www.ipcc-nggip.iges.or.jp\/public\/2006gl\/index.html) &#8211; Decisi\u00f3n UE 529\/2013. https:\/\/eur-lex.europa.eu\/legal-content\/ES\/TXT\/PDF\/?uri=CELEX:32013D0529&#038;from=EN) Fija las obligaciones de reporte LULUCF en la UE para el periodo 2013-2020, estableciendo la senda de incorporaci\u00f3n de las actividades elegibles de Protocolo de Kioto (cropland management y grassland management). &#8211; Reglamento [&hellip;]<\/p>\n","protected":false},"author":1,"featured_media":0,"parent":0,"menu_order":0,"comment_status":"closed","ping_status":"closed","template":"","meta":{"_et_pb_use_builder":"on","_et_pb_old_content":"<!-- wp:divi\/placeholder \/-->","_et_gb_content_width":"","footnotes":""},"class_list":["post-28","page","type-page","status-publish","hentry"],"_links":{"self":[{"href":"https:\/\/lulucf.ihcantabria.com\/es\/wp-json\/wp\/v2\/pages\/28"}],"collection":[{"href":"https:\/\/lulucf.ihcantabria.com\/es\/wp-json\/wp\/v2\/pages"}],"about":[{"href":"https:\/\/lulucf.ihcantabria.com\/es\/wp-json\/wp\/v2\/types\/page"}],"author":[{"embeddable":true,"href":"https:\/\/lulucf.ihcantabria.com\/es\/wp-json\/wp\/v2\/users\/1"}],"replies":[{"embeddable":true,"href":"https:\/\/lulucf.ihcantabria.com\/es\/wp-json\/wp\/v2\/comments?post=28"}],"version-history":[{"count":12,"href":"https:\/\/lulucf.ihcantabria.com\/es\/wp-json\/wp\/v2\/pages\/28\/revisions"}],"predecessor-version":[{"id":278,"href":"https:\/\/lulucf.ihcantabria.com\/es\/wp-json\/wp\/v2\/pages\/28\/revisions\/278"}],"wp:attachment":[{"href":"https:\/\/lulucf.ihcantabria.com\/es\/wp-json\/wp\/v2\/media?parent=28"}],"curies":[{"name":"wp","href":"https:\/\/api.w.org\/{rel}","templated":true}]}}